{"id":9064,"date":"2019-04-24T14:44:15","date_gmt":"2019-04-24T14:44:15","guid":{"rendered":"https:\/\/temeltek.com.tr\/anasayfa\/"},"modified":"2023-10-22T19:49:59","modified_gmt":"2023-10-22T19:49:59","slug":"anasayfa","status":"publish","type":"page","link":"https:\/\/temeltek.com.tr\/en\/","title":{"rendered":"Frontpage"},"content":{"rendered":"<section class=\"wpb-content-wrapper\"><p>[vc_row][vc_column][rev_slider_vc alias=&#8221;construction-slider-1&#8243;][\/vc_column][\/vc_row][vc_row css=&#8221;.vc_custom_1553091812943{padding-bottom: 130px !important;}&#8221;][vc_column]<div class=\"feature-sections-wrapper kd-fsp-6a079f0ec2a95 \">\r\n            <section class=\"feature-sections-tabs  \">\r\n              <nav class=\"kd-feature-tabs\">\r\n                <ul class=\"nav nav-tabs sticky-tabs container\">\r\n                <\/ul>\r\n              <\/nav>\r\n            <\/section>\r\n            <section id=\"misyonumuz\" class=\"featured-right \"><li class=\"nav-label\"><a class=\"feature-tabs-scroll\" href=\"#misyonumuz\"><i class=\" fss-nav-icon\" style=\" \"><\/i> Our Mission<\/a><\/li><div class=\"container\">\r\n                <div class=\"side-content-wrapper kd-animated fadeInLeft\" data-animation-delay=\"200\"><i class=\" section-icon\" style=\" \"><\/i> <h2 class=\"side-content-title\" >We constantly focus on our services and our staff.<\/h2><h6 class=\"side-content-subtitle\" >Our Goal<\/h6><div class=\"side-content-text\" ><\/p>\n<ul>\n<li>Being a close follower of construction technology<\/li>\n<li>Constantly seeking innovative solutions in geotechnical engineering<\/li>\n<li>To produce high quality, cost-effective and reasonable solutions<\/li>\n<li>To value the occupational safety and health of our workforce that will produce fast and reliable solutions<\/li>\n<li>To continuously invest in our services, products and staff<\/li>\n<\/ul>\n<p>\n<\/div><div class=\"side-content-link sc-primary-btn\"><a href=\"#\" target=\"_self\" title=\"Read more\" class=\"tt_button tt_primary_button btn_primary_color button-action-link\">Read more<\/a><\/div><\/div><div class=\"side-featured-wrapper fss-organic-1-rotate kd-animated fadeInRight fss-shadow-image\" data-animation-delay=\"200\">\r\n      <div class=\"featured-image\"><img loading=\"lazy\" decoding=\"async\" width=\"2560\" height=\"1706\" src=\"https:\/\/temeltek.com.tr\/wp-content\/uploads\/calisan-plan--scaled.jpg\" class=\"attachment-full\" alt=\"\" title=\"calisan plan\" srcset=\"https:\/\/temeltek.com.tr\/wp-content\/uploads\/calisan-plan--scaled.jpg 2560w, https:\/\/temeltek.com.tr\/wp-content\/uploads\/calisan-plan--300x200.jpg 300w, https:\/\/temeltek.com.tr\/wp-content\/uploads\/calisan-plan--1024x683.jpg 1024w, https:\/\/temeltek.com.tr\/wp-content\/uploads\/calisan-plan--768x512.jpg 768w, https:\/\/temeltek.com.tr\/wp-content\/uploads\/calisan-plan--1536x1024.jpg 1536w, https:\/\/temeltek.com.tr\/wp-content\/uploads\/calisan-plan--2048x1365.jpg 2048w\" sizes=\"auto, (max-width: 2560px) 100vw, 2560px\" \/><\/div>\r\n    <\/div><\/div>\r\n            <\/section><section id=\"kd-fss-6a079f0ec370f\" class=\"featured-left \"><li class=\"nav-label\"><a class=\"feature-tabs-scroll\" href=\"#kd-fss-6a079f0ec370f\"><i class=\" fss-nav-icon\" style=\" \"><\/i> Our Quality Principles<\/a><\/li><div class=\"container\">\r\n                <div class=\"side-content-wrapper kd-animated fadeInRight\" data-animation-delay=\"200\"><i class=\" section-icon\" style=\" \"><\/i> <h2 class=\"side-content-title\" >Temeltek is a company that believes in continuous improvement in quality.<\/h2><h6 class=\"side-content-subtitle\" >Temeltek managers routinely inspect the services provided within the scope of our quality and assurance system and prioritize customer satisfaction.<\/h6><div class=\"side-content-text\" ><\/p>\n<ul>\n<li>Temeltek is a company that believes in continuous improvement in quality.<\/li>\n<li>We have a service approach that aims at customer satisfaction by always following technology in foundation works and related engineering works.<\/li>\n<li>One of our most important principles is to provide work that we stand behind with pride.<\/li>\n<\/ul>\n<p>\n<\/div><div class=\"side-content-link sc-primary-btn\"><a href=\"#\" target=\"_self\" title=\"Read more\" class=\"tt_button tt_primary_button btn_primary_color button-action-link\">Read more<\/a><\/div><\/div><div class=\"side-featured-wrapper fss-organic-1 kd-animated fadeInLeft fss-shadow-image\" data-animation-delay=\"200\">\r\n      <div class=\"featured-image\"><img loading=\"lazy\" decoding=\"async\" width=\"800\" height=\"800\" src=\"https:\/\/temeltek.com.tr\/wp-content\/uploads\/const-sticky-nav-2.jpg\" class=\"attachment-full\" alt=\"\" title=\"const-sticky-nav-2\" srcset=\"https:\/\/temeltek.com.tr\/wp-content\/uploads\/const-sticky-nav-2.jpg 800w, https:\/\/temeltek.com.tr\/wp-content\/uploads\/const-sticky-nav-2-300x300.jpg 300w, https:\/\/temeltek.com.tr\/wp-content\/uploads\/const-sticky-nav-2-150x150.jpg 150w, https:\/\/temeltek.com.tr\/wp-content\/uploads\/const-sticky-nav-2-768x768.jpg 768w, https:\/\/temeltek.com.tr\/wp-content\/uploads\/const-sticky-nav-2-320x320.jpg 320w\" sizes=\"auto, (max-width: 800px) 100vw, 800px\" \/><\/div>\r\n    <\/div><\/div>\r\n            <\/section><section id=\"kd-fss-6a079f0ec3d73\" class=\"featured-right \"><li class=\"nav-label\"><a class=\"feature-tabs-scroll\" href=\"#kd-fss-6a079f0ec3d73\"><i class=\" fss-nav-icon\" style=\" \"><\/i> Occupational health and Safety<\/a><\/li><div class=\"container\">\r\n                <div class=\"side-content-wrapper kd-animated fadeInLeft\" data-animation-delay=\"200\"><i class=\" section-icon\" style=\" \"><\/i> <h2 class=\"side-content-title\" >Health and Safety<\/h2><h6 class=\"side-content-subtitle\" >Our management team is responsible for the following;<\/h6><div class=\"side-content-text\" ><\/p>\n<ul>\n<li>Providing a safe work area<\/li>\n<li>Implementing safe systems and management plans<\/li>\n<li>Taking measures to ensure work safety<\/li>\n<li>Creating safe environments in facilities and having them checked by a HSE expert<\/li>\n<li>Ensuring that necessary training is received and creating safe plans<\/li>\n<\/ul>\n<p>\n<\/div><div class=\"side-content-link sc-primary-btn\"><a href=\"#\" target=\"_self\" title=\"Read more\" class=\"tt_button tt_primary_button btn_primary_color button-action-link\">Read more<\/a><\/div><\/div><div class=\"side-featured-wrapper fss-organic-1-rotate kd-animated fadeInRight fss-shadow-image\" data-animation-delay=\"200\">\r\n      <div class=\"featured-image\"><img loading=\"lazy\" decoding=\"async\" width=\"800\" height=\"800\" src=\"https:\/\/temeltek.com.tr\/wp-content\/uploads\/const-sticky-nav-3.jpg\" class=\"attachment-full\" alt=\"\" title=\"const-sticky-nav-3\" srcset=\"https:\/\/temeltek.com.tr\/wp-content\/uploads\/const-sticky-nav-3.jpg 800w, https:\/\/temeltek.com.tr\/wp-content\/uploads\/const-sticky-nav-3-300x300.jpg 300w, https:\/\/temeltek.com.tr\/wp-content\/uploads\/const-sticky-nav-3-150x150.jpg 150w, https:\/\/temeltek.com.tr\/wp-content\/uploads\/const-sticky-nav-3-768x768.jpg 768w, https:\/\/temeltek.com.tr\/wp-content\/uploads\/const-sticky-nav-3-320x320.jpg 320w\" sizes=\"auto, (max-width: 800px) 100vw, 800px\" \/><\/div>\r\n    <\/div><\/div>\r\n            <\/section>\r\n            <\/div><style type=\"text\/css\"><\/style>[\/vc_column][\/vc_row][vc_row full_width=&#8221;stretch_row&#8221; css=&#8221;.vc_custom_1553091916117{padding-top: 130px !important;background-color: #f5f5f5 !important;}&#8221;][vc_column css=&#8221;.vc_custom_1515689025535{padding-right: 0px !important;padding-left: 0px !important;}&#8221;][vc_row_inner][vc_column_inner css=&#8221;.vc_custom_1541586958015{padding-right: 0px !important;padding-left: 0px !important;}&#8221;]<header class=\"kd-section-title col-lg-12 text-center  kd-animated fadeIn   vc_custom_1693057259792\" data-animation-delay=200><h2 class=\"separator_off\" >Projelerimiz<\/h2><\/header>[\/vc_column_inner][\/vc_row_inner][vc_row_inner css=&#8221;.vc_custom_1541162832500{padding-bottom: 100px !important;}&#8221;][vc_column_inner][vc_masonry_grid post_type=&#8221;portfolio&#8221; max_items=&#8221;12&#8243; style=&#8221;lazy&#8221; items_per_page=&#8221;3&#8243; show_filter=&#8221;yes&#8221; orderby=&#8221;modified&#8221; initial_loading_animation=&#8221;fadeIn&#8221; grid_id=&#8221;vc_gid:1698004169986-c86aac5a-27bc-5&#8243; taxonomies=&#8221;56, 55&#8243; filter_source=&#8221;category&#8221;][\/vc_column_inner][\/vc_row_inner][\/vc_column][\/vc_row][vc_row full_width=&#8221;stretch_row&#8221; content_placement=&#8221;middle&#8221; parallax=&#8221;content-moving&#8221; parallax_speed_bg=&#8221;1.4&#8243; kd_image_overlay_color=&#8221;rgba(0,0,0,0.3)&#8221; kd_image_overlay=&#8221;true&#8221; css=&#8221;.vc_custom_1555078077861{padding-top: 130px !important;padding-bottom: 410px !important;background: #000000 url(https:\/\/www.ekko-wp.com\/wp-content\/uploads\/sites\/3\/2019\/04\/construction-slide5.jpg);background-position:center;background-repeat:-repeat;background-size:cover;}&#8221;][vc_column css=&#8221;.vc_custom_1511789287331{padding-top: 0px !important;}&#8221;][vc_row_inner][vc_column_inner]<header class=\"kd-section-title col-lg-12 text-center  kd-animated fadeIn  \" data-animation-delay=200><h2 class=\"separator_off\" style=\"color: #ffffff;\">We have a solid team of quality engineers, managers, expert operators, designers and mechanical maintenance personnel.<\/h2><\/header>[\/vc_column_inner][\/vc_row_inner][\/vc_column][\/vc_row][vc_row full_width=&#8221;stretch_row&#8221; css=&#8221;.vc_custom_1556025937779{margin-top: -300px !important;}&#8221;][vc_column width=&#8221;1\/2&#8243; css=&#8221;.vc_custom_1556026072520{padding-right: 0px !important;}&#8221; offset=&#8221;vc_col-lg-6 vc_col-md-12 vc_hidden-sm vc_hidden-xs&#8221;][vc_single_image source=&#8221;external_link&#8221; css=&#8221;.vc_custom_1693058183116{margin-bottom: 0px !important;}&#8221; custom_src=&#8221;https:\/\/www.ekko-wp.com\/wp-content\/uploads\/sites\/3\/2019\/04\/const-about-2.jpg&#8221;][\/vc_column][vc_column width=&#8221;1\/2&#8243; css=&#8221;.vc_custom_1556026076479{margin-left: -15px !important;padding-top: 110px !important;padding-right: 80px !important;padding-bottom: 115px !important;padding-left: 80px !important;background-color: #f5f5f5 !important;}&#8221; offset=&#8221;vc_col-lg-6 vc_col-md-12&#8243;][vc_row_inner css=&#8221;.vc_custom_1497198558619{margin-bottom: 50px !important;}&#8221;][vc_column_inner width=&#8221;1\/2&#8243; css=&#8221;.vc_custom_1556026228998{padding-left: 0px !important;}&#8221;]<div class=\"kd_counter icon-top large-counter count_left \" ><div class=\"kd_counter_content\"><h4 class=\"kd_counter_number\"><span class=\"kd_number_string\"  data-from=\"0\" data-to=\"52\" data-refresh-interval=\"50\" >0<\/span>\n                                  <span class=\"kd_counter_units\" ><\/span><\/h4><div class=\"kd_counter_text\" >Completed Projects<\/div><\/div><\/div>[\/vc_column_inner][vc_column_inner width=&#8221;1\/2&#8243; css=&#8221;.vc_custom_1556026232910{padding-left: 0px !important;}&#8221;]<div class=\"kd_counter icon-top large-counter count_left \" ><div class=\"kd_counter_content\"><h4 class=\"kd_counter_number\"><span class=\"kd_number_string\"  data-from=\"0\" data-to=\"12\" data-refresh-interval=\"50\" >0<\/span>\n                                  <span class=\"kd_counter_units\" ><\/span><\/h4><div class=\"kd_counter_text\" >On going Projects<\/div><\/div><\/div>[\/vc_column_inner][\/vc_row_inner][vc_row_inner][vc_column_inner css=&#8221;.vc_custom_1556026108294{padding-right: 0px !important;padding-left: 0px !important;}&#8221;][vc_custom_heading text=&#8221;Temeltek carries out ground improvement, bored pile, mini pile, anchorage, shoring and jet grout construction with its own machinery and equipment in its inventory, with its professional engineering staff and experienced personnel, without any intermediary company.&#8221; font_container=&#8221;tag:p|text_align:left&#8221; use_theme_fonts=&#8221;yes&#8221; css_animation=&#8221;fadeIn&#8221; css=&#8221;.vc_custom_1696624489444{margin-bottom: 57px !important;}&#8221;]<a  href=\"#\"  target=\"_self\"  title=\"\" class=\"tt_button tt_primary_button btn_primary_color  pull-left button-action-link  kd-animated zoomIn\" data-animation-delay=200><span class=\"prim_text\">more ...<\/span><\/a>[\/vc_column_inner][\/vc_row_inner][\/vc_column][\/vc_row][vc_row full_width=&#8221;stretch_row&#8221; css=&#8221;.vc_custom_1553093035638{padding-top: 45px !important;}&#8221;][vc_column css=&#8221;.vc_custom_1516029502203{padding-right: 0px !important;padding-left: 0px !important;}&#8221;][vc_row_inner css=&#8221;.vc_custom_1553093562461{padding-bottom: 100px !important;}&#8221;][vc_column_inner css=&#8221;.vc_custom_1516029494833{padding-right: 0px !important;padding-left: 0px !important;}&#8221;]<header class=\"kd-section-title col-lg-12 text-center  kd-animated fadeIn   vc_custom_1693089683411\" data-animation-delay=200><h2 class=\"separator_off\" >BLOG<\/h2><h6 class=\"subtitle \" style=\"font-size: ekko uses artificial intelligence to instantly generate beautiful, unique logo ideas for your business.;\">Sa\u011flam yap\u0131lar i\u00e7in \u00e7\u00f6z\u00fcmler<\/h6><\/header>[vc_masonry_grid post_type=&#8221;post&#8221; max_items=&#8221;3&#8243; style=&#8221;lazy&#8221; items_per_page=&#8221;9&#8243; show_filter=&#8221;yes&#8221; orderby=&#8221;ID&#8221; filter_style=&#8221;bordered&#8221; initial_loading_animation=&#8221;fadeIn&#8221; grid_id=&#8221;vc_gid:1698004169988-18278c1a-80e3-2&#8243; filter_source=&#8221;portfolio-category&#8221; taxonomies=&#8221;58&#8243;][\/vc_column_inner][\/vc_row_inner][\/vc_column][\/vc_row][vc_row full_width=&#8221;stretch_row&#8221;][vc_column css=&#8221;.vc_custom_1516095762744{padding-right: 0px !important;padding-left: 0px !important;}&#8221;][vc_row_inner css=&#8221;.vc_custom_1553094069853{padding-top: 125px !important;padding-bottom: 98px !important;}&#8221;][vc_column_inner width=&#8221;1\/2&#8243; css=&#8221;.vc_custom_1553094099933{padding-top: 40px !important;padding-right: 70px !important;padding-left: 15px !important;}&#8221;][vc_custom_heading text=&#8221;K\u00fcrk\u00e7\u00fcler Cad. \u015eakir Sok. No:6 Esen\u015fehir-\u00dcmraniye-\u0130STANBUL&#8221; font_container=&#8221;tag:h3|text_align:left&#8221; use_theme_fonts=&#8221;yes&#8221; css_animation=&#8221;fadeIn&#8221;][vc_custom_heading text=&#8221;Email: info@temeltek.com.tr&#8221; font_container=&#8221;tag:h5|text_align:left&#8221; use_theme_fonts=&#8221;yes&#8221; css_animation=&#8221;fadeIn&#8221; css=&#8221;.vc_custom_1692792049964{margin-bottom: 5px !important;}&#8221;][vc_custom_heading text=&#8221;Tel: +90 (216) 575 3212&#8243; font_container=&#8221;tag:h5|text_align:left&#8221; use_theme_fonts=&#8221;yes&#8221; css_animation=&#8221;fadeIn&#8221;][vc_custom_heading text=&#8221;You can contact us at any time using the form below. We will do our best to answer all your questions and problems.&#8221; font_container=&#8221;tag:h6|text_align:left&#8221; use_theme_fonts=&#8221;yes&#8221; css_animation=&#8221;fadeIn&#8221;][\/vc_column_inner][vc_column_inner width=&#8221;1\/2&#8243; css=&#8221;.vc_custom_1553094105637{padding-right: 0px !important;}&#8221;]<div class=\"kd-contact-form full-width-cf   kd-animated fadeIn\" data-animation-delay=200>\n<div class=\"wpcf7 no-js\" id=\"wpcf7-f5208-o1\" lang=\"tr-TR\" dir=\"ltr\" data-wpcf7-id=\"5208\">\n<div class=\"screen-reader-response\"><p role=\"status\" aria-live=\"polite\" aria-atomic=\"true\"><\/p> <ul><\/ul><\/div>\n<form action=\"\/en\/wp-json\/wp\/v2\/pages\/9064#wpcf7-f5208-o1\" method=\"post\" class=\"wpcf7-form init\" aria-label=\"\u0130leti\u015fim Formu\" novalidate=\"novalidate\" data-status=\"init\">\n<fieldset class=\"hidden-fields-container\"><input type=\"hidden\" name=\"_wpcf7\" value=\"5208\" \/><input type=\"hidden\" name=\"_wpcf7_version\" value=\"6.1.5\" \/><input type=\"hidden\" name=\"_wpcf7_locale\" value=\"tr_TR\" \/><input type=\"hidden\" name=\"_wpcf7_unit_tag\" value=\"wpcf7-f5208-o1\" \/><input type=\"hidden\" name=\"_wpcf7_container_post\" value=\"0\" \/><input type=\"hidden\" name=\"_wpcf7_posted_data_hash\" value=\"\" \/>\n<\/fieldset>\n<p><span class=\"wpcf7-form-control-wrap\" data-name=\"your-name\"><input size=\"40\" maxlength=\"400\" class=\"wpcf7-form-control wpcf7-text wpcf7-validates-as-required\" aria-required=\"true\" aria-invalid=\"false\" placeholder=\"Your name\" value=\"\" type=\"text\" name=\"your-name\" \/><\/span><br \/>\n<span class=\"wpcf7-form-control-wrap\" data-name=\"your-email\"><input size=\"40\" maxlength=\"400\" class=\"wpcf7-form-control wpcf7-email wpcf7-validates-as-required wpcf7-text wpcf7-validates-as-email\" aria-required=\"true\" aria-invalid=\"false\" placeholder=\"Your email\" value=\"\" type=\"email\" name=\"your-email\" \/><\/span><br \/>\n<span class=\"wpcf7-form-control-wrap\" data-name=\"your-message\"><textarea cols=\"40\" rows=\"10\" maxlength=\"2000\" class=\"wpcf7-form-control wpcf7-textarea\" aria-invalid=\"false\" placeholder=\"Your message\" name=\"your-message\"><\/textarea><\/span><br \/>\n<input class=\"wpcf7-form-control wpcf7-submit has-spinner\" type=\"submit\" value=\"Send message\" \/>\n<\/p><div class=\"wpcf7-response-output\" aria-hidden=\"true\"><\/div>\n<\/form>\n<\/div>\n<\/div>[\/vc_column_inner][\/vc_row_inner][\/vc_column][\/vc_row]<\/p>\n<\/section>","protected":false},"excerpt":{"rendered":"<p>[vc_row][vc_column][rev_slider_vc alias=&#8221;construction-slider-1&#8243;][\/vc_column][\/vc_row][vc_row css=&#8221;.vc_custom_1553091812943{padding-bottom: 130px !important;}&#8221;][vc_column][\/vc_column][\/vc_row][vc_row full_width=&#8221;stretch_row&#8221; css=&#8221;.vc_custom_1553091916117{padding-top: 130px !important;background-color: #f5f5f5 !important;}&#8221;][vc_column css=&#8221;.vc_custom_1515689025535{padding-right: 0px !important;padding-left: 0px !important;}&#8221;][vc_row_inner][vc_column_inner css=&#8221;.vc_custom_1541586958015{padding-right: 0px !important;padding-left: 0px [&hellip;]<\/p>\n","protected":false},"author":1,"featured_media":0,"parent":0,"menu_order":0,"comment_status":"closed","ping_status":"closed","template":"","meta":{"footnotes":""},"class_list":["post-9064","page","type-page","status-publish","hentry"],"_links":{"self":[{"href":"https:\/\/temeltek.com.tr\/en\/wp-json\/wp\/v2\/pages\/9064","targetHints":{"allow":["GET"]}}],"collection":[{"href":"https:\/\/temeltek.com.tr\/en\/wp-json\/wp\/v2\/pages"}],"about":[{"href":"https:\/\/temeltek.com.tr\/en\/wp-json\/wp\/v2\/types\/page"}],"author":[{"embeddable":true,"href":"https:\/\/temeltek.com.tr\/en\/wp-json\/wp\/v2\/users\/1"}],"replies":[{"embeddable":true,"href":"https:\/\/temeltek.com.tr\/en\/wp-json\/wp\/v2\/comments?post=9064"}],"version-history":[{"count":10,"href":"https:\/\/temeltek.com.tr\/en\/wp-json\/wp\/v2\/pages\/9064\/revisions"}],"predecessor-version":[{"id":9385,"href":"https:\/\/temeltek.com.tr\/en\/wp-json\/wp\/v2\/pages\/9064\/revisions\/9385"}],"wp:attachment":[{"href":"https:\/\/temeltek.com.tr\/en\/wp-json\/wp\/v2\/media?parent=9064"}],"curies":[{"name":"wp","href":"https:\/\/api.w.org\/{rel}","templated":true}]}}