{"id":9080,"date":"2023-08-22T13:48:59","date_gmt":"2023-08-22T13:48:59","guid":{"rendered":"https:\/\/temeltek.com.tr\/iletisim\/"},"modified":"2023-10-22T19:47:51","modified_gmt":"2023-10-22T19:47:51","slug":"contact-us","status":"publish","type":"page","link":"https:\/\/temeltek.com.tr\/en\/contact-us\/","title":{"rendered":"Contact Us"},"content":{"rendered":"<section class=\"wpb-content-wrapper\"><p>[vc_row full_width=&#8221;stretch_row&#8221; css=&#8221;.vc_custom_1555667408682{padding-top: 150px !important;padding-bottom: 250px !important;background-image: url(https:\/\/www.ekko-wp.com\/wp-content\/uploads\/sites\/3\/2019\/04\/contact-minimal2.jpg) !important;background-position: center !important;background-repeat: no-repeat !important;background-size: cover !important;}&#8221; el_class=&#8221;under-menu-topbar&#8221;][vc_column]<header class=\"kd-section-title vc_col-lg-6 vc_col-sm-8 text-center     vc_custom_1698003252242\" ><h1 class=\"separator_off\" >Contact Information<\/h1><h6 class=\"subtitle \" >You can contact us here to carry out ground improvement, bored piles, mini piles, anchors, shoring and jet grout constrution with our own machines and equipment, with our professional engineering staff and experienced personnel.<\/h6><\/header>[\/vc_column][\/vc_row][vc_row css=&#8221;.vc_custom_1556020192157{margin-top: -100px !important;padding-top: 70px !important;padding-right: 50px !important;padding-left: 50px !important;background-color: #ffffff !important;}&#8221;][vc_column][vc_row_inner][vc_column_inner width=&#8221;1\/3&#8243; css=&#8221;.vc_custom_1519734939213{padding-right: 50px !important;}&#8221; offset=&#8221;vc_col-lg-4 vc_col-md-12&#8243;][vc_custom_heading text=&#8221;Contact us to get information&#8221; font_container=&#8221;tag:h2|font_size:36px|text_align:left|line_height:42px&#8221; use_theme_fonts=&#8221;yes&#8221;][\/vc_column_inner][vc_column_inner width=&#8221;2\/3&#8243; offset=&#8221;vc_col-lg-8 vc_col-md-12&#8243;][vc_custom_heading text=&#8221;You can contact us here to carry out ground improvement, bored piles, mini piles, anchors, shoring and jet grout constrution with our own machines and equipment, with our professional engineering staff and experienced personnel.&#8221; font_container=&#8221;tag:h6|text_align:left&#8221; use_theme_fonts=&#8221;yes&#8221;][\/vc_column_inner][\/vc_row_inner][\/vc_column][\/vc_row][vc_row full_width=&#8221;stretch_row&#8221;][vc_column css=&#8221;.vc_custom_1516095665984{padding-right: 0px !important;padding-left: 0px !important;}&#8221;][vc_row_inner css=&#8221;.vc_custom_1555666525537{padding-top: 60px !important;padding-bottom: 73px !important;}&#8221;][vc_column_inner width=&#8221;1\/2&#8243; css=&#8221;.vc_custom_1541508372335{padding-left: 15px !important;}&#8221; offset=&#8221;vc_col-lg-6 vc_col-md-12 vc_hidden-md&#8221;]<div class=\"kd-alertbox kd-contact-alertbox ab_info kd_map_alert\">\r\n                        <div class=\"ab-icon\"><i class=\"fas fa-exclamation-triangle\"><\/i><\/div>\r\n                        <div class=\"ab-message\"><p><\/p>\r\n                        <p>Google maps requires a valid API key in order to work.<br> You can add it in Dashboard > Ekko > Theme Options > Global Options. Generate a new API key from https:\/\/developers.google.com\/maps<\/p><\/div>\r\n                        <a href=\"#\" class=\"ab-close\"><i class=\"fas fa-times\"><\/i><\/a>\r\n                        <\/div><div class=\"contact-map-container hidden_info_panel\" style=\"height: 450px;\"><div id=\"kd69e7bc0fcd4b0\" class=\"kd_map\" style=\"height: 450px;\"><\/div>\r\n\r\n            <\/div>[\/vc_column_inner][vc_column_inner width=&#8221;1\/2&#8243; css=&#8221;.vc_custom_1522244799532{padding-right: 15px !important;padding-left: 80px !important;}&#8221; offset=&#8221;vc_col-lg-6 vc_col-md-12&#8243;]<header class=\"kd-section-title col-lg-12 text-left  kd-animated fadeIn   vc_custom_1698003983093\" data-animation-delay=200><h2 class=\"separator_off\" >\u0130leti\u015fim Formu<\/h2><h6 class=\"subtitle \" >Call us or stop by anytime; We try to answer all your questions within 24 business days.<\/h6><\/header>[vc_empty_space height=&#8221;20px&#8221;]<div class=\"kd-contact-form full-width-cf\" >\n<div class=\"wpcf7 no-js\" id=\"wpcf7-f5208-o1\" lang=\"tr-TR\" dir=\"ltr\" data-wpcf7-id=\"5208\">\n<div class=\"screen-reader-response\"><p role=\"status\" aria-live=\"polite\" aria-atomic=\"true\"><\/p> <ul><\/ul><\/div>\n<form action=\"\/en\/wp-json\/wp\/v2\/pages\/9080#wpcf7-f5208-o1\" method=\"post\" class=\"wpcf7-form init\" aria-label=\"\u0130leti\u015fim Formu\" novalidate=\"novalidate\" data-status=\"init\">\n<fieldset class=\"hidden-fields-container\"><input type=\"hidden\" name=\"_wpcf7\" value=\"5208\" \/><input type=\"hidden\" name=\"_wpcf7_version\" value=\"6.1.5\" \/><input type=\"hidden\" name=\"_wpcf7_locale\" value=\"tr_TR\" \/><input type=\"hidden\" name=\"_wpcf7_unit_tag\" value=\"wpcf7-f5208-o1\" \/><input type=\"hidden\" name=\"_wpcf7_container_post\" value=\"0\" \/><input type=\"hidden\" name=\"_wpcf7_posted_data_hash\" value=\"\" \/>\n<\/fieldset>\n<p><span class=\"wpcf7-form-control-wrap\" data-name=\"your-name\"><input size=\"40\" maxlength=\"400\" class=\"wpcf7-form-control wpcf7-text wpcf7-validates-as-required\" aria-required=\"true\" aria-invalid=\"false\" placeholder=\"Your name\" value=\"\" type=\"text\" name=\"your-name\" \/><\/span><br \/>\n<span class=\"wpcf7-form-control-wrap\" data-name=\"your-email\"><input size=\"40\" maxlength=\"400\" class=\"wpcf7-form-control wpcf7-email wpcf7-validates-as-required wpcf7-text wpcf7-validates-as-email\" aria-required=\"true\" aria-invalid=\"false\" placeholder=\"Your email\" value=\"\" type=\"email\" name=\"your-email\" \/><\/span><br \/>\n<span class=\"wpcf7-form-control-wrap\" data-name=\"your-message\"><textarea cols=\"40\" rows=\"10\" maxlength=\"2000\" class=\"wpcf7-form-control wpcf7-textarea\" aria-invalid=\"false\" placeholder=\"Your message\" name=\"your-message\"><\/textarea><\/span><br \/>\n<input class=\"wpcf7-form-control wpcf7-submit has-spinner\" type=\"submit\" value=\"Send message\" \/>\n<\/p><div class=\"wpcf7-response-output\" aria-hidden=\"true\"><\/div>\n<\/form>\n<\/div>\n<\/div>[\/vc_column_inner][\/vc_row_inner][\/vc_column][\/vc_row][vc_row full_width=&#8221;stretch_row&#8221; css=&#8221;.vc_custom_1555666594706{padding-top: 100px !important;background-color: #f5f5f5 !important;}&#8221;][vc_column css=&#8221;.vc_custom_1515687105834{padding-right: 0px !important;padding-left: 0px !important;}&#8221;][vc_row_inner css=&#8221;.vc_custom_1555666389233{padding-bottom: 70px !important;}&#8221;][vc_column_inner width=&#8221;1\/4&#8243;]<div class=\"cb-container cb-cont-center\" style=\"background-color:#fff;\" ><a href=\"https:\/\/www.google.com\/maps\/place\/Temeltek+M%C3%BChendislik+%C4%B0n%C5%9F.+Tic.+Ltd.+%C5%9Eti.\/@41.0079512,29.1718505,17z\/data=!3m1!4b1!4m6!3m5!1s0x14cacf03a3dc724f:0x5e27999480e31135!8m2!3d41.0079472!4d29.1744254!16s%2Fg%2F11c0xrpksq?entry=tts&amp;shorturl=1\" target=\"\" rel=\"noopener\"><div class=\"cb-img-area\"><i class=\"iconsmind-Location-2 iconsmind-Maps-Locations\" style=\" \"><\/i> <\/div><div class=\"cb-text-area\">\n                    <h4 class=\"cb-heading \" >Adresimiz<\/h4><p >K\u00fcrk\u00e7\u00fcler Cadde \u015eakir Sk. No 6 Esen\u015fehir - \u00dcmraniye - \u0130STANBUL<\/p><\/div><\/a><\/div>[\/vc_column_inner][vc_column_inner width=&#8221;1\/4&#8243;]<div class=\"cb-container cb-cont-center\" style=\"background-color:#fff;\" ><a href=\"tel:+902165753212\" target=\"\"><div class=\"cb-img-area\"><i class=\"iconsmind-Phone-Wifi iconsmind-Desktop-apps\" style=\" \"><\/i> <\/div><div class=\"cb-text-area\">\n                    <h4 class=\"cb-heading \" >Telefon &amp; Fax<\/h4><p >Telefon: +90 (216) 575 3212<br \/>\nFax : +90 (216) 572 0434<\/p><\/div><\/a><\/div>[\/vc_column_inner][vc_column_inner width=&#8221;1\/4&#8243;]<div class=\"cb-container cb-cont-center\" style=\"background-color:#fff;\" ><a href=\"mailto:info@temeltek.com.tr\" target=\"\"><div class=\"cb-img-area\"><i class=\"iconsmind-Mail-withAtSign iconsmind-Emails\" style=\" \"><\/i> <\/div><div class=\"cb-text-area\">\n                    <h4 class=\"cb-heading \" >E Mail Adresimiz<\/h4><p >info@temeltek.com.tr<br \/>\naskink@temeltek.com.tr<\/p><\/div><\/a><\/div>[\/vc_column_inner][vc_column_inner width=&#8221;1\/4&#8243;]<div class=\"cb-container cb-cont-center\" style=\"background-color:#fff;\" ><a href=\"url:%23|||\" target=\"\"><div class=\"cb-img-area\"><i class=\"iconsmind-Over-Time iconsmind-Time\" style=\" \"><\/i> <\/div><div class=\"cb-text-area\">\n                    <h4 class=\"cb-heading \" >\u00c7al\u0131\u015fma Saatleri<\/h4><p >Hafta \u0130\u00e7i : 08:30 - 18:00<br \/>\nCumartesi : 08:30 - 18:00<br \/>\nPazar: Kapal\u0131<\/p><\/div><\/a><\/div>[\/vc_column_inner][\/vc_row_inner][\/vc_column][\/vc_row]<\/p>\n<\/section>","protected":false},"excerpt":{"rendered":"<p>[vc_row full_width=&#8221;stretch_row&#8221; css=&#8221;.vc_custom_1555667408682{padding-top: 150px !important;padding-bottom: 250px !important;background-image: url(https:\/\/www.ekko-wp.com\/wp-content\/uploads\/sites\/3\/2019\/04\/contact-minimal2.jpg) !important;background-position: center !important;background-repeat: no-repeat !important;background-size: cover !important;}&#8221; el_class=&#8221;under-menu-topbar&#8221;][vc_column][\/vc_column][\/vc_row][vc_row css=&#8221;.vc_custom_1556020192157{margin-top: -100px !important;padding-top: 70px [&hellip;]<\/p>\n","protected":false},"author":1,"featured_media":0,"parent":0,"menu_order":0,"comment_status":"closed","ping_status":"closed","template":"","meta":{"footnotes":""},"class_list":["post-9080","page","type-page","status-publish","hentry"],"_links":{"self":[{"href":"https:\/\/temeltek.com.tr\/en\/wp-json\/wp\/v2\/pages\/9080","targetHints":{"allow":["GET"]}}],"collection":[{"href":"https:\/\/temeltek.com.tr\/en\/wp-json\/wp\/v2\/pages"}],"about":[{"href":"https:\/\/temeltek.com.tr\/en\/wp-json\/wp\/v2\/types\/page"}],"author":[{"embeddable":true,"href":"https:\/\/temeltek.com.tr\/en\/wp-json\/wp\/v2\/users\/1"}],"replies":[{"embeddable":true,"href":"https:\/\/temeltek.com.tr\/en\/wp-json\/wp\/v2\/comments?post=9080"}],"version-history":[{"count":6,"href":"https:\/\/temeltek.com.tr\/en\/wp-json\/wp\/v2\/pages\/9080\/revisions"}],"predecessor-version":[{"id":9384,"href":"https:\/\/temeltek.com.tr\/en\/wp-json\/wp\/v2\/pages\/9080\/revisions\/9384"}],"wp:attachment":[{"href":"https:\/\/temeltek.com.tr\/en\/wp-json\/wp\/v2\/media?parent=9080"}],"curies":[{"name":"wp","href":"https:\/\/api.w.org\/{rel}","templated":true}]}}