{"id":9266,"date":"2023-08-28T16:13:12","date_gmt":"2023-08-28T16:13:12","guid":{"rendered":"https:\/\/temeltek.com.tr\/services\/sev-stabilizasyonu-sistemleri\/"},"modified":"2023-10-01T19:18:49","modified_gmt":"2023-10-01T19:18:49","slug":"slope-stabilization","status":"publish","type":"page","link":"https:\/\/temeltek.com.tr\/en\/services\/slope-stabilization\/","title":{"rendered":"Slope Stabilization"},"content":{"rendered":"<section class=\"wpb-content-wrapper\"><p>[vc_row full_width=&#8221;stretch_row&#8221; css=&#8221;.vc_custom_1556018513487{padding-top: 0px !important;padding-bottom: 0px !important;}&#8221;][vc_column][vc_column_text]The gravity is the most significant factor on the soil moving downwards the slopes and the conditions may require attention at locations which are adjacent to the motorways, living areas, factories, etc\u2026 The factors which determines the movement can be geometric shape of the slope, water, seasonal changes, lack of vegetation and aggregate material which natural exists within slope. There are various types of slope stability applications including the stability of slopes of earth and rock-fill dams, slopes of other types of embankments, excavated slopes, and natural slopes in soil and soft rock. The technical evaluations and estimations are don through geotechnical engineering study. Temeltek\u00a0 has a professional geotechnical engineers who have vast experience in managing the grounds.[\/vc_column_text][\/vc_column][\/vc_row][vc_row][vc_column]\r\n                <div class=\"photobox-carousel pbc-parent black-navigation kd-pbc-69e7a512a910b nav-arrows\">\r\n                    <div class=\"pbc-content\"><div class=\"kd-photobox  \" ><div class=\"photobox-img\"><img loading=\"lazy\" decoding=\"async\" width=\"405\" height=\"720\" src=\"https:\/\/temeltek.com.tr\/wp-content\/uploads\/Zonguldak-Devrek-Heyelan-Kaziklari-2016-TURKIYE-BNB-Insaat.jpg\" class=\"attachment-full\" alt=\"\" title=\"Zonguldak Devrek Heyelan Kaz\u0131klar\u0131 2016 T\u00dcRK\u0130YE BNB \u0130n\u015faat\" srcset=\"https:\/\/temeltek.com.tr\/wp-content\/uploads\/Zonguldak-Devrek-Heyelan-Kaziklari-2016-TURKIYE-BNB-Insaat.jpg 405w, https:\/\/temeltek.com.tr\/wp-content\/uploads\/Zonguldak-Devrek-Heyelan-Kaziklari-2016-TURKIYE-BNB-Insaat-169x300.jpg 169w\" sizes=\"auto, (max-width: 405px) 100vw, 405px\" \/><\/div><div class=\"phb-content text-left \" ><h5 >Devrek Heyelan Kaz\u0131klar\u0131<\/h5><p >Proje Ad\u0131: Zonguldak Devrek Heyelan Kaz\u0131klar\u0131 Y\u0131l: 2016 Lokasyon: T\u00dcRK\u0130YE \u0130\u015fveren: BNB \u0130n\u015faat<\/p><\/div><\/div><div class=\"kd-photobox  \" ><div class=\"photobox-img\"><img loading=\"lazy\" decoding=\"async\" width=\"405\" height=\"720\" src=\"https:\/\/temeltek.com.tr\/wp-content\/uploads\/Zonguldak-Devrek-Heyelan-Kaziklari-2016-TURKIYE-BNB-Insaat.jpg\" class=\"attachment-full\" alt=\"\" title=\"Zonguldak Devrek Heyelan Kaz\u0131klar\u0131 2016 T\u00dcRK\u0130YE BNB \u0130n\u015faat\" srcset=\"https:\/\/temeltek.com.tr\/wp-content\/uploads\/Zonguldak-Devrek-Heyelan-Kaziklari-2016-TURKIYE-BNB-Insaat.jpg 405w, https:\/\/temeltek.com.tr\/wp-content\/uploads\/Zonguldak-Devrek-Heyelan-Kaziklari-2016-TURKIYE-BNB-Insaat-169x300.jpg 169w\" sizes=\"auto, (max-width: 405px) 100vw, 405px\" \/><\/div><div class=\"phb-content text-left \" ><h5 >Ermenek \u00c7evreyolu Heyelan Kaz\u0131klar\u0131<\/h5><p >Proje Ad\u0131: Ermenek \u00c7evreyolu Heyelan Kaz\u0131klar\u0131 Y\u0131l: 2016 Lokasyon: T\u00dcRK\u0130YE \u0130\u015fveren: Mehmet Ali \u00dcnal \u0130n\u015faat<\/p><\/div><\/div><\/div>\r\n                <\/div><script type=\"text\/javascript\">\r\n          \t\t\t\tjQuery(document).ready(function($){\r\n                    if ($(\".photobox-carousel.kd-pbc-69e7a512a910b .pbc-content\").length) {\r\n                      $(\".photobox-carousel.kd-pbc-69e7a512a910b .pbc-content\").owlCarousel({\r\n                          stageClass: \"owl-wrapper\",\r\n                          stageOuterClass: \"owl-wrapper-outer\",\r\n                          loadedClass: \"owl-carousel\",\r\n                          responsive:{\r\n                              0:{\r\n                                  items:1,\r\n                                  dots: false,\r\n                                  nav: true,\r\n                                  navSpeed: 500,\r\n                              },\r\n                              768:{\r\n                                  items:2,\r\n                              },\r\n                              1199:{\r\n                                  items:1,\r\n                              },\r\n                              1366:{\r\n                                  items:1,\nnav: true,\r\n                                    navSpeed: 500,\r\n                                    dots: false,}\r\n                          },\r\n                          rewind: true,\nautoplay: false,\nautoplayHoverPause: false,addClassActive: true,\r\n                      });\r\n                    }\r\n          \t\t\t\t});\r\n          \t\t\t<\/script>[\/vc_column][\/vc_row]<\/p>\n<\/section>","protected":false},"excerpt":{"rendered":"<p>[vc_row full_width=&#8221;stretch_row&#8221; css=&#8221;.vc_custom_1556018513487{padding-top: 0px !important;padding-bottom: 0px !important;}&#8221;][vc_column][vc_column_text]The gravity is the most significant factor on the soil moving downwards the slopes [&hellip;]<\/p>\n","protected":false},"author":1,"featured_media":0,"parent":9146,"menu_order":0,"comment_status":"closed","ping_status":"closed","template":"","meta":{"footnotes":""},"class_list":["post-9266","page","type-page","status-publish","hentry"],"_links":{"self":[{"href":"https:\/\/temeltek.com.tr\/en\/wp-json\/wp\/v2\/pages\/9266","targetHints":{"allow":["GET"]}}],"collection":[{"href":"https:\/\/temeltek.com.tr\/en\/wp-json\/wp\/v2\/pages"}],"about":[{"href":"https:\/\/temeltek.com.tr\/en\/wp-json\/wp\/v2\/types\/page"}],"author":[{"embeddable":true,"href":"https:\/\/temeltek.com.tr\/en\/wp-json\/wp\/v2\/users\/1"}],"replies":[{"embeddable":true,"href":"https:\/\/temeltek.com.tr\/en\/wp-json\/wp\/v2\/comments?post=9266"}],"version-history":[{"count":2,"href":"https:\/\/temeltek.com.tr\/en\/wp-json\/wp\/v2\/pages\/9266\/revisions"}],"predecessor-version":[{"id":9268,"href":"https:\/\/temeltek.com.tr\/en\/wp-json\/wp\/v2\/pages\/9266\/revisions\/9268"}],"up":[{"embeddable":true,"href":"https:\/\/temeltek.com.tr\/en\/wp-json\/wp\/v2\/pages\/9146"}],"wp:attachment":[{"href":"https:\/\/temeltek.com.tr\/en\/wp-json\/wp\/v2\/media?parent=9266"}],"curies":[{"name":"wp","href":"https:\/\/api.w.org\/{rel}","templated":true}]}}