{"id":9273,"date":"2023-08-28T16:37:00","date_gmt":"2023-08-28T16:37:00","guid":{"rendered":"https:\/\/temeltek.com.tr\/services\/slope-stabilization\/heyelan-onleme\/"},"modified":"2023-10-01T19:22:36","modified_gmt":"2023-10-01T19:22:36","slug":"land-slide-prevention","status":"publish","type":"page","link":"https:\/\/temeltek.com.tr\/en\/services\/slope-stabilization\/land-slide-prevention\/","title":{"rendered":"Land Slide Prevention"},"content":{"rendered":"<section class=\"wpb-content-wrapper\"><p>[vc_row full_width=&#8221;stretch_row&#8221; css=&#8221;.vc_custom_1556018513487{padding-top: 0px !important;padding-bottom: 0px !important;}&#8221;][vc_column][vc_column_text]<\/p>\n<div id=\"outer-wrap\" class=\"site clr\">\n<div id=\"wrap\" class=\"clr\">\n<p>&nbsp;<\/p>\n<div id=\"content-wrap\" class=\"container clr\">\n<div id=\"primary\" class=\"content-area clr\">\n<div id=\"content\" class=\"site-content clr\">\n<article class=\"single-page-article clr\">\n<div class=\"entry clr\">\n<p>Temeltek\u00a0 provides high quality engineering and contracting services for land slide prevention . Especially in the Black Sea region of Turkey the main causes of the land slide is the heavy rain falls at the mountaneous\u00a0locations where the gravity is higher. Similarly, Taurousy\u00a0Mountain ranges has the same feeatures\u00a0at a seasonal basis.\u00a0One landslide prevention technique is to change the geometry of the man-made slope to lessen the effects of gravity. When the landslide is surficial (near the earth\u2019s surface), the simplest prevention solution to avoid soil and rock fall over the slope is to vegetate it.<\/p>\n<p>As one of the \u00a0main cause of landslides , seasonal changes in the groundwater table. Heavy rains, flash floods, melting of snow in warm weather, and the like can cause changes in the groundwater table, thus inducing landslides. Changes in groundwater table due to the above-mentioned causes, can be controlled with hydrology and geotechnical engineering practices.<\/p>\n<p>Earthquakes are another source of landslides causing the ground to shake resulting in the weakening of topsoil. The ideal landslide prevention technique again falls under the geometry of the slope. The design is done in such a way that the slope has an adequate factor of safety even for seismic cases.<\/p>\n<p>Lastly, ill designed man-made structures on top of slopes are a cause of landslides as in the case of roads, mines or large urban developments. The landslip prevention technique in this case is to calculate an adequate setback distance between the top of slope and construction. Another man-made cause of landslides is undercutting the toe of a slope that plays a critical roll in keeping the upper portion stable. Landslide prevention in this case entails soil berms. These counterweight fills are placed at the toe of the slope to provide additional resistance to the potential movement of the upper part of the slope.<\/p>\n<p>Landslide protection can include rock mechanic applications including wire meshing, retaining walls, soil nailing, rock bolting, shotcreting and other rock slope stability solutions.<\/p>\n<p>&nbsp;<\/p>\n<\/div>\n<\/article>\n<\/div>\n<\/div>\n<\/div>\n<p>&nbsp;<\/p>\n<footer id=\"footer\" class=\"site-footer\" role=\"contentinfo\">\n<div id=\"footer-inner\" class=\"clr\">\n<div id=\"footer-bottom\" class=\"clr no-footer-nav\">\n<div id=\"footer-bottom-inner\" class=\"container clr\">\n<div id=\"copyright\" class=\"clr\" role=\"contentinfo\">Copyright \u00a9 2023 Temeltek M\u00fchendislik \u0130n\u015f. Tic. Ltd. \u015eti.<\/div>\n<\/div>\n<\/div>\n<\/div>\n<\/footer>\n<\/div>\n<\/div>\n<p>[\/vc_column_text][\/vc_column][\/vc_row]<\/p>\n<\/section>","protected":false},"excerpt":{"rendered":"<p>[vc_row full_width=&#8221;stretch_row&#8221; css=&#8221;.vc_custom_1556018513487{padding-top: 0px !important;padding-bottom: 0px !important;}&#8221;][vc_column][vc_column_text] &nbsp; Temeltek\u00a0 provides high quality engineering and contracting services for land slide prevention [&hellip;]<\/p>\n","protected":false},"author":1,"featured_media":0,"parent":9266,"menu_order":0,"comment_status":"closed","ping_status":"closed","template":"","meta":{"footnotes":""},"class_list":["post-9273","page","type-page","status-publish","hentry"],"_links":{"self":[{"href":"https:\/\/temeltek.com.tr\/en\/wp-json\/wp\/v2\/pages\/9273","targetHints":{"allow":["GET"]}}],"collection":[{"href":"https:\/\/temeltek.com.tr\/en\/wp-json\/wp\/v2\/pages"}],"about":[{"href":"https:\/\/temeltek.com.tr\/en\/wp-json\/wp\/v2\/types\/page"}],"author":[{"embeddable":true,"href":"https:\/\/temeltek.com.tr\/en\/wp-json\/wp\/v2\/users\/1"}],"replies":[{"embeddable":true,"href":"https:\/\/temeltek.com.tr\/en\/wp-json\/wp\/v2\/comments?post=9273"}],"version-history":[{"count":2,"href":"https:\/\/temeltek.com.tr\/en\/wp-json\/wp\/v2\/pages\/9273\/revisions"}],"predecessor-version":[{"id":9275,"href":"https:\/\/temeltek.com.tr\/en\/wp-json\/wp\/v2\/pages\/9273\/revisions\/9275"}],"up":[{"embeddable":true,"href":"https:\/\/temeltek.com.tr\/en\/wp-json\/wp\/v2\/pages\/9266"}],"wp:attachment":[{"href":"https:\/\/temeltek.com.tr\/en\/wp-json\/wp\/v2\/media?parent=9273"}],"curies":[{"name":"wp","href":"https:\/\/api.w.org\/{rel}","templated":true}]}}