{"id":9307,"date":"2023-08-28T21:00:08","date_gmt":"2023-08-28T21:00:08","guid":{"rendered":"https:\/\/temeltek.com.tr\/services\/zemin-iyilestirme\/"},"modified":"2023-10-01T20:01:36","modified_gmt":"2023-10-01T20:01:36","slug":"ground-improvement","status":"publish","type":"page","link":"https:\/\/temeltek.com.tr\/en\/services\/ground-improvement\/","title":{"rendered":"Ground Improvement"},"content":{"rendered":"<section class=\"wpb-content-wrapper\"><p>[vc_row full_width=&#8221;stretch_row&#8221; css=&#8221;.vc_custom_1556018513487{padding-top: 0px !important;padding-bottom: 0px !important;}&#8221;][vc_column][vc_column_text]<strong>Zemin iyile\u015ftirme \u00e7al\u0131\u015fmalar\u0131, in\u015faat projelerinin zemini haz\u0131rlan\u0131rken sismik aktivite alanlar\u0131nda s\u0131v\u0131la\u015fma potansiyelininin risklerini ortadan kald\u0131rmak ya da azaltmak i\u00e7in binan\u0131n bulundu\u011fu sahaya dolay\u0131s\u0131yla temele uygulanan iyile\u015ftirme faaliyetlerini kapsar.<\/strong><\/p>\n<p>Temeltek, 2007\u2019den bu yana zemin m\u00fchendisli\u011fi ve<strong>\u00a0zemin iyile\u015ftirme<\/strong>\u00a0\u00e7al\u0131\u015fmalar\u0131 konusunda metotlar geli\u015ftirip ekipman kapasitesiyle m\u00fc\u015fterilerine bilimsel temelli sa\u011flam \u00e7\u00f6z\u00fcmler sunan bir firmad\u0131r. \u00a0Drenaj, derin zemin kar\u0131\u015ft\u0131rma, zemin enjeksiyonu, jet grout uygulamalar\u0131 ve vibro ta\u015f kolonlar in\u015faat sekt\u00f6r\u00fcnde yayg\u0131n olarak kullan\u0131lan zemin iyile\u015ftirme teknikleri aras\u0131ndad\u0131r ve Temeltek bug\u00fcne kadar onlarca projede \u00e7e\u015fitli uygulamalar yapm\u0131\u015f, kalitesini verdi\u011fi hizmet ile kan\u0131tlam\u0131\u015f bir firmad\u0131r.\u00a0<a href=\"http:\/\/localhost\/temeltek.com.tr\/tamamlanan-projeler\/\">Portf\u00f6y<\/a>\u00a0k\u0131s\u0131m\u0131nda ise bitirmi\u015f oldu\u011fumuz projelere g\u00f6z atabilirsiniz.[\/vc_column_text][vc_column_text]Temeltek, T\u00fcrkiye ve Ortado\u011fu\u2019da size di\u011fer taahh\u00fct firmalar\u0131n\u0131n sundu\u011fu hizmetlerden daha fazlas\u0131n\u0131 \u00fcst\u00fcn hizmet kalitesiyle sunabilecek lider bir firmad\u0131r. 2007\u2019den bu yana bulunmu\u015f oldu\u011fumuz projelerde di\u011fer firmalar\u0131n \u00fcstesinden gelemeyece\u011fi bir\u00e7ok \u00e7\u00f6z\u00fcm\u00fc m\u00fc\u015fterilerimize sunmu\u015f ve projelerinin devam\u0131n\u0131 sa\u011flam\u0131\u015f bir firmay\u0131z. Prensip olarak bir i\u015fin sadece do\u011fal zemin kalitesinden dolay\u0131 aksamas\u0131n\u0131 kabul etmemekle birlikte her zeminin bizim servislerimizle projenize uygun hale getirebilmekteyiz.<\/p>\n<p>Bir projenin ba\u015far\u0131s\u0131 i\u00e7in gerekli olan\u00a0<strong>zemin iyile\u015ftirme teknikleri<\/strong>\u00a0aras\u0131ndan \u00f6zel bir projeye uygun olan\u0131 se\u00e7mek uzmanl\u0131k ve deneyim gerektirir. Bu a\u00e7\u0131dan Temeltek, sahip oldu\u011fu laboratuar imkanlar\u0131yla sizin sahan\u0131za en uygun zemin iyile\u015ftirme y\u00f6ntemlerini projenize uygun olarak analiz eder, tasarlar ve uygular. \u0130\u015fin sonucunda ise sizin beklentilerinize uygun olarak gerekli raporlamalar\u0131 profesyonelce yapar.[\/vc_column_text][\/vc_column][\/vc_row]<\/p>\n<\/section>","protected":false},"excerpt":{"rendered":"<p>[vc_row full_width=&#8221;stretch_row&#8221; css=&#8221;.vc_custom_1556018513487{padding-top: 0px !important;padding-bottom: 0px !important;}&#8221;][vc_column][vc_column_text]Zemin iyile\u015ftirme \u00e7al\u0131\u015fmalar\u0131, in\u015faat projelerinin zemini haz\u0131rlan\u0131rken sismik aktivite alanlar\u0131nda s\u0131v\u0131la\u015fma potansiyelininin risklerini ortadan [&hellip;]<\/p>\n","protected":false},"author":1,"featured_media":0,"parent":9146,"menu_order":0,"comment_status":"closed","ping_status":"closed","template":"","meta":{"footnotes":""},"class_list":["post-9307","page","type-page","status-publish","hentry"],"_links":{"self":[{"href":"https:\/\/temeltek.com.tr\/en\/wp-json\/wp\/v2\/pages\/9307","targetHints":{"allow":["GET"]}}],"collection":[{"href":"https:\/\/temeltek.com.tr\/en\/wp-json\/wp\/v2\/pages"}],"about":[{"href":"https:\/\/temeltek.com.tr\/en\/wp-json\/wp\/v2\/types\/page"}],"author":[{"embeddable":true,"href":"https:\/\/temeltek.com.tr\/en\/wp-json\/wp\/v2\/users\/1"}],"replies":[{"embeddable":true,"href":"https:\/\/temeltek.com.tr\/en\/wp-json\/wp\/v2\/comments?post=9307"}],"version-history":[{"count":2,"href":"https:\/\/temeltek.com.tr\/en\/wp-json\/wp\/v2\/pages\/9307\/revisions"}],"predecessor-version":[{"id":9309,"href":"https:\/\/temeltek.com.tr\/en\/wp-json\/wp\/v2\/pages\/9307\/revisions\/9309"}],"up":[{"embeddable":true,"href":"https:\/\/temeltek.com.tr\/en\/wp-json\/wp\/v2\/pages\/9146"}],"wp:attachment":[{"href":"https:\/\/temeltek.com.tr\/en\/wp-json\/wp\/v2\/media?parent=9307"}],"curies":[{"name":"wp","href":"https:\/\/api.w.org\/{rel}","templated":true}]}}